{"id":163,"date":"2026-01-30T08:55:08","date_gmt":"2026-01-30T08:55:08","guid":{"rendered":"http:\/\/workintop.eu\/?page_id=163"},"modified":"2026-02-16T14:23:11","modified_gmt":"2026-02-16T14:23:11","slug":"evenement","status":"publish","type":"page","link":"https:\/\/workintop.eu\/index.php\/evenement\/","title":{"rendered":"Ev\u00e8nement"},"content":{"rendered":"\t\t<div data-elementor-type=\"wp-page\" data-elementor-id=\"163\" class=\"elementor elementor-163\" data-elementor-post-type=\"page\">\n\t\t\t\t<div class=\"elementor-element elementor-element-0cb959f e-flex e-con-boxed e-con e-parent\" data-id=\"0cb959f\" data-element_type=\"container\" data-e-type=\"container\">\n\t\t\t\t\t<div class=\"e-con-inner\">\n\t\t<div class=\"elementor-element elementor-element-48095a5 e-con-full e-flex e-con e-child\" data-id=\"48095a5\" data-element_type=\"container\" data-e-type=\"container\">\n\t\t\t\t<div class=\"elementor-element elementor-element-1feb56c elementor-widget elementor-widget-heading\" data-id=\"1feb56c\" data-element_type=\"widget\" data-e-type=\"widget\" data-widget_type=\"heading.default\">\n\t\t\t\t\t<h2 class=\"elementor-heading-title elementor-size-default\">Ev\u00e8nement<\/h2>\t\t\t\t<\/div>\n\t\t\t\t<div class=\"elementor-element elementor-element-2b5bfcd img-desktop elementor-widget elementor-widget-image\" data-id=\"2b5bfcd\" data-element_type=\"widget\" data-e-type=\"widget\" data-widget_type=\"image.default\">\n\t\t\t\t\t\t\t\t\t\t\t\t\t\t\t<img decoding=\"async\" width=\"197\" height=\"11\" src=\"https:\/\/workintop.eu\/wp-content\/uploads\/2026\/02\/Newsletter.png\" class=\"attachment-full size-full wp-image-1632\" alt=\"\" \/>\t\t\t\t\t\t\t\t\t\t\t\t\t\t\t<\/div>\n\t\t\t\t<div class=\"elementor-element elementor-element-9751d10 img-mobile elementor-widget elementor-widget-image\" data-id=\"9751d10\" data-element_type=\"widget\" data-e-type=\"widget\" data-widget_type=\"image.default\">\n\t\t\t\t\t\t\t\t\t\t\t\t\t\t\t<img decoding=\"async\" width=\"148\" height=\"11\" src=\"https:\/\/workintop.eu\/wp-content\/uploads\/2026\/02\/Newsletter2.png\" class=\"attachment-large size-large wp-image-1631\" alt=\"\" \/>\t\t\t\t\t\t\t\t\t\t\t\t\t\t\t<\/div>\n\t\t\t\t<\/div>\n\t\t\t\t<div class=\"elementor-element elementor-element-71768b2 elementor-grid-1 elementor-grid-tablet-1 elementor-grid-mobile-1 elementor-widget elementor-widget-loop-grid\" data-id=\"71768b2\" data-element_type=\"widget\" data-e-type=\"widget\" data-settings=\"{&quot;template_id&quot;:&quot;1951&quot;,&quot;columns&quot;:1,&quot;columns_tablet&quot;:1,&quot;columns_mobile&quot;:1,&quot;_skin&quot;:&quot;post&quot;,&quot;edit_handle_selector&quot;:&quot;[data-elementor-type=\\&quot;loop-item\\&quot;]&quot;,&quot;row_gap&quot;:{&quot;unit&quot;:&quot;px&quot;,&quot;size&quot;:&quot;&quot;,&quot;sizes&quot;:[]},&quot;row_gap_tablet&quot;:{&quot;unit&quot;:&quot;px&quot;,&quot;size&quot;:&quot;&quot;,&quot;sizes&quot;:[]},&quot;row_gap_mobile&quot;:{&quot;unit&quot;:&quot;px&quot;,&quot;size&quot;:&quot;&quot;,&quot;sizes&quot;:[]}}\" data-widget_type=\"loop-grid.post\">\n\t\t\t\t<div class=\"elementor-widget-container\">\n\t\t\t\t\t\t\t<div class=\"elementor-loop-container elementor-grid\" role=\"list\">\n\t\t<style id=\"loop-1951\">.elementor-1951 .elementor-element.elementor-element-9d10613{--display:flex;--flex-direction:row;--container-widget-width:initial;--container-widget-height:100%;--container-widget-flex-grow:1;--container-widget-align-self:stretch;--flex-wrap-mobile:wrap;}.elementor-1951 .elementor-element.elementor-element-9d10613.e-con{--flex-grow:0;--flex-shrink:0;}.elementor-1951 .elementor-element.elementor-element-3edfe27{--display:flex;}.elementor-widget-theme-post-featured-image .widget-image-caption{color:var( --e-global-color-text );font-family:var( --e-global-typography-text-font-family ), Sans-serif;font-size:var( --e-global-typography-text-font-size );font-weight:var( --e-global-typography-text-font-weight );}.elementor-1951 .elementor-element.elementor-element-d369d6a.elementor-element{--align-self:flex-end;}.elementor-1951 .elementor-element.elementor-element-e1655a1{--display:flex;}.elementor-widget-theme-post-title .elementor-heading-title{font-family:var( --e-global-typography-primary-font-family ), Sans-serif;font-weight:var( --e-global-typography-primary-font-weight );color:var( --e-global-color-primary );}.elementor-1951 .elementor-element.elementor-element-bac6db8 .elementor-heading-title{font-family:\"Playfair Display\", Sans-serif;font-size:20px;font-weight:600;color:#000000;}.elementor-widget-theme-post-content{color:var( --e-global-color-text );font-family:var( --e-global-typography-text-font-family ), Sans-serif;font-size:var( --e-global-typography-text-font-size );font-weight:var( --e-global-typography-text-font-weight );}@media(max-width:1024px){.elementor-widget-theme-post-featured-image .widget-image-caption{font-size:var( --e-global-typography-text-font-size );}.elementor-widget-theme-post-content{font-size:var( --e-global-typography-text-font-size );}}@media(max-width:767px){.elementor-widget-theme-post-featured-image .widget-image-caption{font-size:var( --e-global-typography-text-font-size );}.elementor-widget-theme-post-content{font-size:var( --e-global-typography-text-font-size );}}\/* Start custom CSS for container, class: .elementor-element-9d10613 *\/.img-cover img{\r\n  width:auto;\r\n  max-height:45vh;          \/* hauteur max fixe *\/\r\n  object-fit:cover;      \/* pas de d\u00e9formation, recadrage *\/\r\n  object-position:center;\r\n  display:block;\r\n}\/* End custom CSS *\/<\/style>\t\t<div data-elementor-type=\"loop-item\" data-elementor-id=\"1951\" class=\"elementor elementor-1951 e-loop-item e-loop-item-1944 post-1944 wit-evenement type-wit-evenement status-publish has-post-thumbnail hentry entry has-media\" data-elementor-post-type=\"elementor_library\" data-custom-edit-handle=\"1\">\n\t\t\t<div class=\"elementor-element elementor-element-9d10613 e-con-full e-flex e-con e-parent\" data-id=\"9d10613\" data-element_type=\"container\" data-e-type=\"container\">\n\t\t<div class=\"elementor-element elementor-element-3edfe27 e-con-full col-text e-flex e-con e-child\" data-id=\"3edfe27\" data-element_type=\"container\" data-e-type=\"container\">\n\t\t\t\t<div class=\"elementor-element elementor-element-d369d6a img-cover elementor-widget elementor-widget-theme-post-featured-image elementor-widget-image\" data-id=\"d369d6a\" data-element_type=\"widget\" data-e-type=\"widget\" data-widget_type=\"theme-post-featured-image.default\">\n\t\t\t\t\t\t\t\t\t\t\t\t\t\t\t<img fetchpriority=\"high\" decoding=\"async\" width=\"2560\" height=\"1280\" src=\"https:\/\/workintop.eu\/wp-content\/uploads\/2026\/02\/news_2025_Yoga-scaled.jpg\" class=\"attachment-full size-full wp-image-1947\" alt=\"\" srcset=\"https:\/\/workintop.eu\/wp-content\/uploads\/2026\/02\/news_2025_Yoga-scaled.jpg 2560w, https:\/\/workintop.eu\/wp-content\/uploads\/2026\/02\/news_2025_Yoga-300x150.jpg 300w, https:\/\/workintop.eu\/wp-content\/uploads\/2026\/02\/news_2025_Yoga-1024x512.jpg 1024w, https:\/\/workintop.eu\/wp-content\/uploads\/2026\/02\/news_2025_Yoga-768x384.jpg 768w, https:\/\/workintop.eu\/wp-content\/uploads\/2026\/02\/news_2025_Yoga-1536x768.jpg 1536w, https:\/\/workintop.eu\/wp-content\/uploads\/2026\/02\/news_2025_Yoga-2048x1024.jpg 2048w\" sizes=\"(max-width: 2560px) 100vw, 2560px\" \/>\t\t\t\t\t\t\t\t\t\t\t\t\t\t\t<\/div>\n\t\t\t\t<\/div>\n\t\t<div class=\"elementor-element elementor-element-e1655a1 e-con-full col-text e-flex e-con e-child\" data-id=\"e1655a1\" data-element_type=\"container\" data-e-type=\"container\">\n\t\t\t\t<div class=\"elementor-element elementor-element-bac6db8 elementor-widget elementor-widget-theme-post-title elementor-page-title elementor-widget-heading\" data-id=\"bac6db8\" data-element_type=\"widget\" data-e-type=\"widget\" data-widget_type=\"theme-post-title.default\">\n\t\t\t\t\t<h1 class=\"elementor-heading-title elementor-size-default\">Sc\u00e9ance de Yoga<\/h1>\t\t\t\t<\/div>\n\t\t\t\t<div class=\"elementor-element elementor-element-6787be9 elementor-widget elementor-widget-theme-post-content\" data-id=\"6787be9\" data-element_type=\"widget\" data-e-type=\"widget\" data-widget_type=\"theme-post-content.default\">\n\t\t\t\t\t\n<p>Pour r\u00e9server votre place ou poser une question, contactez St\u00e9phanie directement au 06 24 48 51 00<\/p>\n\t\t\t\t<\/div>\n\t\t\t\t<\/div>\n\t\t\t\t<\/div>\n\t\t\t\t<\/div>\n\t\t\t\t<div data-elementor-type=\"loop-item\" data-elementor-id=\"1951\" class=\"elementor elementor-1951 e-loop-item e-loop-item-1948 post-1948 wit-evenement type-wit-evenement status-publish has-post-thumbnail hentry entry has-media\" data-elementor-post-type=\"elementor_library\" data-custom-edit-handle=\"1\">\n\t\t\t<div class=\"elementor-element elementor-element-9d10613 e-con-full e-flex e-con e-parent\" data-id=\"9d10613\" data-element_type=\"container\" data-e-type=\"container\">\n\t\t<div class=\"elementor-element elementor-element-3edfe27 e-con-full col-text e-flex e-con e-child\" data-id=\"3edfe27\" data-element_type=\"container\" data-e-type=\"container\">\n\t\t\t\t<div class=\"elementor-element elementor-element-d369d6a img-cover elementor-widget elementor-widget-theme-post-featured-image elementor-widget-image\" data-id=\"d369d6a\" data-element_type=\"widget\" data-e-type=\"widget\" data-widget_type=\"theme-post-featured-image.default\">\n\t\t\t\t\t\t\t\t\t\t\t\t\t\t\t<img loading=\"lazy\" decoding=\"async\" width=\"1080\" height=\"1080\" src=\"https:\/\/workintop.eu\/wp-content\/uploads\/2026\/02\/news_20260201_programme.jpg\" class=\"attachment-full size-full wp-image-1946\" alt=\"\" srcset=\"https:\/\/workintop.eu\/wp-content\/uploads\/2026\/02\/news_20260201_programme.jpg 1080w, https:\/\/workintop.eu\/wp-content\/uploads\/2026\/02\/news_20260201_programme-300x300.jpg 300w, https:\/\/workintop.eu\/wp-content\/uploads\/2026\/02\/news_20260201_programme-1024x1024.jpg 1024w, https:\/\/workintop.eu\/wp-content\/uploads\/2026\/02\/news_20260201_programme-150x150.jpg 150w, https:\/\/workintop.eu\/wp-content\/uploads\/2026\/02\/news_20260201_programme-768x768.jpg 768w, https:\/\/workintop.eu\/wp-content\/uploads\/2026\/02\/news_20260201_programme-600x600.jpg 600w\" sizes=\"(max-width: 1080px) 100vw, 1080px\" \/>\t\t\t\t\t\t\t\t\t\t\t\t\t\t\t<\/div>\n\t\t\t\t<\/div>\n\t\t<div class=\"elementor-element elementor-element-e1655a1 e-con-full col-text e-flex e-con e-child\" data-id=\"e1655a1\" data-element_type=\"container\" data-e-type=\"container\">\n\t\t\t\t<div class=\"elementor-element elementor-element-bac6db8 elementor-widget elementor-widget-theme-post-title elementor-page-title elementor-widget-heading\" data-id=\"bac6db8\" data-element_type=\"widget\" data-e-type=\"widget\" data-widget_type=\"theme-post-title.default\">\n\t\t\t\t\t<h1 class=\"elementor-heading-title elementor-size-default\">Calendrier de F\u00e9vrier<\/h1>\t\t\t\t<\/div>\n\t\t\t\t<\/div>\n\t\t\t\t<\/div>\n\t\t\t\t<\/div>\n\t\t\t\t<div data-elementor-type=\"loop-item\" data-elementor-id=\"1951\" class=\"elementor elementor-1951 e-loop-item e-loop-item-1949 post-1949 wit-evenement type-wit-evenement status-publish has-post-thumbnail hentry entry has-media\" data-elementor-post-type=\"elementor_library\" data-custom-edit-handle=\"1\">\n\t\t\t<div class=\"elementor-element elementor-element-9d10613 e-con-full e-flex e-con e-parent\" data-id=\"9d10613\" data-element_type=\"container\" data-e-type=\"container\">\n\t\t<div class=\"elementor-element elementor-element-3edfe27 e-con-full col-text e-flex e-con e-child\" data-id=\"3edfe27\" data-element_type=\"container\" data-e-type=\"container\">\n\t\t\t\t<div class=\"elementor-element elementor-element-d369d6a img-cover elementor-widget elementor-widget-theme-post-featured-image elementor-widget-image\" data-id=\"d369d6a\" data-element_type=\"widget\" data-e-type=\"widget\" data-widget_type=\"theme-post-featured-image.default\">\n\t\t\t\t\t\t\t\t\t\t\t\t\t\t\t<img loading=\"lazy\" decoding=\"async\" width=\"1080\" height=\"810\" src=\"https:\/\/workintop.eu\/wp-content\/uploads\/2026\/02\/news_20260201_VoyageEcoCup.png\" class=\"attachment-full size-full wp-image-1945\" alt=\"\" srcset=\"https:\/\/workintop.eu\/wp-content\/uploads\/2026\/02\/news_20260201_VoyageEcoCup.png 1080w, https:\/\/workintop.eu\/wp-content\/uploads\/2026\/02\/news_20260201_VoyageEcoCup-300x225.png 300w, https:\/\/workintop.eu\/wp-content\/uploads\/2026\/02\/news_20260201_VoyageEcoCup-1024x768.png 1024w, https:\/\/workintop.eu\/wp-content\/uploads\/2026\/02\/news_20260201_VoyageEcoCup-768x576.png 768w\" sizes=\"(max-width: 1080px) 100vw, 1080px\" \/>\t\t\t\t\t\t\t\t\t\t\t\t\t\t\t<\/div>\n\t\t\t\t<\/div>\n\t\t<div class=\"elementor-element elementor-element-e1655a1 e-con-full col-text e-flex e-con e-child\" data-id=\"e1655a1\" data-element_type=\"container\" data-e-type=\"container\">\n\t\t\t\t<div class=\"elementor-element elementor-element-bac6db8 elementor-widget elementor-widget-theme-post-title elementor-page-title elementor-widget-heading\" data-id=\"bac6db8\" data-element_type=\"widget\" data-e-type=\"widget\" data-widget_type=\"theme-post-title.default\">\n\t\t\t\t\t<h1 class=\"elementor-heading-title elementor-size-default\">Challenge<\/h1>\t\t\t\t<\/div>\n\t\t\t\t<div class=\"elementor-element elementor-element-6787be9 elementor-widget elementor-widget-theme-post-content\" data-id=\"6787be9\" data-element_type=\"widget\" data-e-type=\"widget\" data-widget_type=\"theme-post-content.default\">\n\t\t\t\t\t\n<p>\ud83d\udcc5F\u00e9vrier 2026<\/p>\n\n\n\n<p>\ud83d\udcf8\ud83c\udf0d Challenge photo WIT \u2013 Faites voyager notre \u00e9cocup !<br>Les vacances approchent, les d\u00e9placements se multiplient, les petits bonheurs du quotidien s\u2019installent\u2026<br>Et si vous embarquiez l\u2019\u00e9cocup Work In Top dans toutes vos aventures ?<\/p>\n\n\n\n<p>\ud83c\udf1e \u00c0 la plage, \u00e0 la montagne, en t\u00e9l\u00e9travail, en terrasse, en d\u00e9placement pro ou en mode pause-caf\u00e9, on veut voir l\u2019\u00e9cocup en star, bien visible au premier plan !<\/p>\n\n\n\n<p>\ud83c\udfaf Comment participer ?<\/p>\n\n\n\n<ul class=\"wp-block-list\">\n<li>Prenez une (ou plusieurs) photo(s) de votre \u00e9cocup WIT en situation<\/li>\n\n\n\n<li>Laissez parler votre cr\u00e9ativit\u00e9 : paysages, moments de vie, lieux insolites\u2026<\/li>\n\n\n\n<li>Envoyez vos plus belles photos \u00e0 \ud83d\udce7 info@workintop.fr<\/li>\n<\/ul>\n\n\n\n<p>\u23f0 Vous avez jusqu\u2019\u00e0 fin mai pour nous surprendre !<\/p>\n\t\t\t\t<\/div>\n\t\t\t\t<\/div>\n\t\t\t\t<\/div>\n\t\t\t\t<\/div>\n\t\t\t\t<\/div>\n\t\t\n\t\t\t\t\t\t<\/div>\n\t\t\t\t<\/div>\n\t\t\t\t<div class=\"elementor-element elementor-element-b3b7df3 elementor-absolute elementor-widget elementor-widget-image\" data-id=\"b3b7df3\" data-element_type=\"widget\" data-e-type=\"widget\" data-settings=\"{&quot;_position&quot;:&quot;absolute&quot;}\" data-widget_type=\"image.default\">\n\t\t\t\t\t\t\t\t\t\t\t\t\t\t\t<img loading=\"lazy\" decoding=\"async\" width=\"268\" height=\"286\" src=\"https:\/\/workintop.eu\/wp-content\/uploads\/2026\/02\/387075ee-ab31-4d92-9d05-d08a743ac5d6-8.png\" class=\"attachment-full size-full wp-image-741\" alt=\"\" \/>\t\t\t\t\t\t\t\t\t\t\t\t\t\t\t<\/div>\n\t\t\t\t<div class=\"elementor-element elementor-element-f0c2b9a elementor-absolute elementor-widget elementor-widget-image\" data-id=\"f0c2b9a\" data-element_type=\"widget\" data-e-type=\"widget\" data-settings=\"{&quot;_position&quot;:&quot;absolute&quot;}\" data-widget_type=\"image.default\">\n\t\t\t\t\t\t\t\t\t\t\t\t\t\t\t<img loading=\"lazy\" decoding=\"async\" width=\"246\" height=\"405\" src=\"https:\/\/workintop.eu\/wp-content\/uploads\/2026\/02\/387075ee-ab31-4d92-9d05-d08a743ac5d6-7.png\" class=\"attachment-full size-full wp-image-378\" alt=\"\" srcset=\"https:\/\/workintop.eu\/wp-content\/uploads\/2026\/02\/387075ee-ab31-4d92-9d05-d08a743ac5d6-7.png 246w, https:\/\/workintop.eu\/wp-content\/uploads\/2026\/02\/387075ee-ab31-4d92-9d05-d08a743ac5d6-7-182x300.png 182w\" sizes=\"(max-width: 246px) 100vw, 246px\" \/>\t\t\t\t\t\t\t\t\t\t\t\t\t\t\t<\/div>\n\t\t\t\t\t<\/div>\n\t\t\t\t<\/div>\n\t\t\t\t<\/div>\n\t\t","protected":false},"excerpt":{"rendered":"<p>Ev\u00e8nement<\/p>\n","protected":false},"author":2,"featured_media":0,"parent":0,"menu_order":0,"comment_status":"closed","ping_status":"closed","template":"","meta":{"_acf_changed":false,"ocean_post_layout":"","ocean_both_sidebars_style":"","ocean_both_sidebars_content_width":0,"ocean_both_sidebars_sidebars_width":0,"ocean_sidebar":"","ocean_second_sidebar":"","ocean_disable_margins":"enable","ocean_add_body_class":"","ocean_shortcode_before_top_bar":"","ocean_shortcode_after_top_bar":"","ocean_shortcode_before_header":"","ocean_shortcode_after_header":"","ocean_has_shortcode":"","ocean_shortcode_after_title":"","ocean_shortcode_before_footer_widgets":"","ocean_shortcode_after_footer_widgets":"","ocean_shortcode_before_footer_bottom":"","ocean_shortcode_after_footer_bottom":"","ocean_display_top_bar":"default","ocean_display_header":"default","ocean_header_style":"","ocean_center_header_left_menu":"","ocean_custom_header_template":"","ocean_custom_logo":0,"ocean_custom_retina_logo":0,"ocean_custom_logo_max_width":0,"ocean_custom_logo_tablet_max_width":0,"ocean_custom_logo_mobile_max_width":0,"ocean_custom_logo_max_height":0,"ocean_custom_logo_tablet_max_height":0,"ocean_custom_logo_mobile_max_height":0,"ocean_header_custom_menu":"","ocean_menu_typo_font_family":"","ocean_menu_typo_font_subset":"","ocean_menu_typo_font_size":0,"ocean_menu_typo_font_size_tablet":0,"ocean_menu_typo_font_size_mobile":0,"ocean_menu_typo_font_size_unit":"px","ocean_menu_typo_font_weight":"","ocean_menu_typo_font_weight_tablet":"","ocean_menu_typo_font_weight_mobile":"","ocean_menu_typo_transform":"","ocean_menu_typo_transform_tablet":"","ocean_menu_typo_transform_mobile":"","ocean_menu_typo_line_height":0,"ocean_menu_typo_line_height_tablet":0,"ocean_menu_typo_line_height_mobile":0,"ocean_menu_typo_line_height_unit":"","ocean_menu_typo_spacing":0,"ocean_menu_typo_spacing_tablet":0,"ocean_menu_typo_spacing_mobile":0,"ocean_menu_typo_spacing_unit":"","ocean_menu_link_color":"","ocean_menu_link_color_hover":"","ocean_menu_link_color_active":"","ocean_menu_link_background":"","ocean_menu_link_hover_background":"","ocean_menu_link_active_background":"","ocean_menu_social_links_bg":"","ocean_menu_social_hover_links_bg":"","ocean_menu_social_links_color":"","ocean_menu_social_hover_links_color":"","ocean_disable_title":"on","ocean_disable_heading":"default","ocean_post_title":"","ocean_post_subheading":"","ocean_post_title_style":"","ocean_post_title_background_color":"","ocean_post_title_background":0,"ocean_post_title_bg_image_position":"","ocean_post_title_bg_image_attachment":"","ocean_post_title_bg_image_repeat":"","ocean_post_title_bg_image_size":"","ocean_post_title_height":0,"ocean_post_title_bg_overlay":0.5,"ocean_post_title_bg_overlay_color":"","ocean_disable_breadcrumbs":"default","ocean_breadcrumbs_color":"","ocean_breadcrumbs_separator_color":"","ocean_breadcrumbs_links_color":"","ocean_breadcrumbs_links_hover_color":"","ocean_display_footer_widgets":"default","ocean_display_footer_bottom":"default","ocean_custom_footer_template":"","footnotes":""},"class_list":["post-163","page","type-page","status-publish","hentry","entry","has-media"],"acf":[],"_links":{"self":[{"href":"https:\/\/workintop.eu\/index.php\/wp-json\/wp\/v2\/pages\/163","targetHints":{"allow":["GET"]}}],"collection":[{"href":"https:\/\/workintop.eu\/index.php\/wp-json\/wp\/v2\/pages"}],"about":[{"href":"https:\/\/workintop.eu\/index.php\/wp-json\/wp\/v2\/types\/page"}],"author":[{"embeddable":true,"href":"https:\/\/workintop.eu\/index.php\/wp-json\/wp\/v2\/users\/2"}],"replies":[{"embeddable":true,"href":"https:\/\/workintop.eu\/index.php\/wp-json\/wp\/v2\/comments?post=163"}],"version-history":[{"count":20,"href":"https:\/\/workintop.eu\/index.php\/wp-json\/wp\/v2\/pages\/163\/revisions"}],"predecessor-version":[{"id":1991,"href":"https:\/\/workintop.eu\/index.php\/wp-json\/wp\/v2\/pages\/163\/revisions\/1991"}],"wp:attachment":[{"href":"https:\/\/workintop.eu\/index.php\/wp-json\/wp\/v2\/media?parent=163"}],"curies":[{"name":"wp","href":"https:\/\/api.w.org\/{rel}","templated":true}]}}